{"id":104,"date":"2018-05-25T07:35:07","date_gmt":"2018-05-25T05:35:07","guid":{"rendered":"http:\/\/www.jagstblick.net\/web\/?page_id=104"},"modified":"2018-05-25T07:54:35","modified_gmt":"2018-05-25T05:54:35","slug":"impressum","status":"publish","type":"page","link":"https:\/\/www.jagstblick.net\/web\/impressum\/","title":{"rendered":"Impressum"},"content":{"rendered":"<h1>Impressum<\/h1>\n<h2>Angaben gem\u00e4\u00df \u00a7 5 TMG:<\/h2>\n<p>Hans-J\u00f6rg und Angelika Luther<br \/>\nGro\u00dfer Garten 2<br \/>\n74214 Kloster Sch\u00f6ntal<br \/>\nTel.: +49 (7943) 5331690<\/p>\n<h2><a href=\"http:\/\/www.jagstblick.net\/web\/?page_id=17\">Kontakt<\/a><\/h2>\n<p>Quelle: <em><a href=\"https:\/\/www.e-recht24.de\">https:\/\/www.e-recht24.de<\/a><\/em><\/p>\n<h1>Haftungsausschluss (Disclaimer)<\/h1>\n<h2>Haftung f\u00fcr Inhalte<\/h2>\n<p>Als Diensteanbieter sind wir gem\u00e4\u00df \u00a7 7 Abs.1 TMG f\u00fcr eigene Inhalte auf diesen Seiten nach den allgemeinen Gesetzen verantwortlich. Nach \u00a7\u00a7 8 bis 10 TMG sind wir als Diensteanbieter jedoch nicht verpflichtet, \u00fcbermittelte oder gespeicherte fremde Informationen zu \u00fcberwachen oder nach Umst\u00e4nden zu forschen, die auf eine rechtswidrige T\u00e4tigkeit hinweisen.<\/p>\n<p>Verpflichtungen zur Entfernung oder Sperrung der Nutzung von Informationen nach den allgemeinen Gesetzen bleiben hiervon unber\u00fchrt. Eine diesbez\u00fcgliche Haftung ist jedoch erst ab dem Zeitpunkt der Kenntnis einer konkreten Rechtsverletzung m\u00f6glich. Bei Bekanntwerden von entsprechenden Rechtsverletzungen werden wir diese Inhalte umgehend entfernen.<\/p>\n<h2>Haftung f\u00fcr Links<\/h2>\n<p>Unser Angebot enth\u00e4lt Links zu externen Webseiten Dritter, auf deren Inhalte wir keinen Einfluss haben. Deshalb k\u00f6nnen wir f\u00fcr diese fremden Inhalte auch keine Gew\u00e4hr \u00fcbernehmen. F\u00fcr die Inhalte der verlinkten Seiten ist stets der jeweilige Anbieter oder Betreiber der Seiten verantwortlich. Die verlinkten Seiten wurden zum Zeitpunkt der Verlinkung auf m\u00f6gliche Rechtsverst\u00f6\u00dfe \u00fcberpr\u00fcft. Rechtswidrige Inhalte waren zum Zeitpunkt der Verlinkung nicht erkennbar.<\/p>\n<p>Eine permanente inhaltliche Kontrolle der verlinkten Seiten ist jedoch ohne konkrete Anhaltspunkte einer Rechtsverletzung nicht zumutbar. Bei Bekanntwerden von Rechtsverletzungen werden wir derartige Links umgehend entfernen.<\/p>\n<h2>Urheberrecht<\/h2>\n<p>Die durch die Seitenbetreiber erstellten Inhalte und Werke auf diesen Seiten unterliegen dem deutschen Urheberrecht. Die Vervielf\u00e4ltigung, Bearbeitung, Verbreitung und jede Art der Verwertung au\u00dferhalb der Grenzen des Urheberrechtes bed\u00fcrfen der schriftlichen Zustimmung des jeweiligen Autors bzw. Erstellers. Downloads und Kopien dieser Seite sind nur f\u00fcr den privaten, nicht kommerziellen Gebrauch gestattet.<\/p>\n<p>Soweit die Inhalte auf dieser Seite nicht vom Betreiber erstellt wurden, werden die Urheberrechte Dritter beachtet. Insbesondere werden Inhalte Dritter als solche gekennzeichnet. Sollten Sie trotzdem auf eine Urheberrechtsverletzung aufmerksam werden, bitten wir um einen entsprechenden Hinweis. Bei Bekanntwerden von Rechtsverletzungen werden wir derartige Inhalte umgehend entfernen.<\/p>\n<h1>Datenschutzerkl\u00e4rung<\/h1>\n<p>Siehe <a href=\"http:\/\/www.jagstblick.net\/web\/?page_id=99\">Datenschutzerkl\u00e4rung<\/a><\/p>\n","protected":false},"excerpt":{"rendered":"<p>Impressum Angaben gem\u00e4\u00df \u00a7 5 TMG: Hans-J\u00f6rg und Angelika Luther Gro\u00dfer Garten 2 74214 Kloster Sch\u00f6ntal Tel.: +49 (7943) 5331690 Kontakt Quelle: https:\/\/www.e-recht24.de Haftungsausschluss (Disclaimer) Haftung f\u00fcr Inhalte Als Diensteanbieter sind wir gem\u00e4\u00df \u00a7 7 Abs.1 TMG f\u00fcr eigene Inhalte &hellip; <a href=\"https:\/\/www.jagstblick.net\/web\/impressum\/\">Weiterlesen <span class=\"meta-nav\">&rarr;<\/span><\/a><\/p>\n","protected":false},"author":1,"featured_media":0,"parent":0,"menu_order":0,"comment_status":"closed","ping_status":"closed","template":"","meta":{"ngg_post_thumbnail":0,"footnotes":""},"class_list":["post-104","page","type-page","status-publish","hentry"],"yoast_head":"<!-- This site is optimized with the Yoast SEO plugin v27.5 - https:\/\/yoast.com\/product\/yoast-seo-wordpress\/ -->\n<title>Impressum - Jagstblick - Ferienwohnung in Hohenlohe - Kloster Sch\u00f6ntal<\/title>\n<meta name=\"robots\" content=\"noindex, nofollow\" \/>\n<meta property=\"og:locale\" content=\"de_DE\" \/>\n<meta property=\"og:type\" content=\"article\" \/>\n<meta property=\"og:title\" content=\"Impressum - Jagstblick - Ferienwohnung in Hohenlohe - Kloster Sch\u00f6ntal\" \/>\n<meta property=\"og:description\" content=\"Impressum Angaben gem\u00e4\u00df \u00a7 5 TMG: Hans-J\u00f6rg und Angelika Luther Gro\u00dfer Garten 2 74214 Kloster Sch\u00f6ntal Tel.: +49 (7943) 5331690 Kontakt Quelle: https:\/\/www.e-recht24.de Haftungsausschluss (Disclaimer) Haftung f\u00fcr Inhalte Als Diensteanbieter sind wir gem\u00e4\u00df \u00a7 7 Abs.1 TMG f\u00fcr eigene Inhalte &hellip; Weiterlesen &rarr;\" \/>\n<meta property=\"og:url\" content=\"https:\/\/www.jagstblick.net\/web\/impressum\/\" \/>\n<meta property=\"og:site_name\" content=\"Jagstblick - Ferienwohnung in Hohenlohe - Kloster Sch\u00f6ntal\" \/>\n<meta property=\"article:modified_time\" content=\"2018-05-25T05:54:35+00:00\" \/>\n<meta name=\"twitter:card\" content=\"summary_large_image\" \/>\n<meta name=\"twitter:label1\" content=\"Gesch\u00e4tzte Lesezeit\" \/>\n\t<meta name=\"twitter:data1\" content=\"2\u00a0Minuten\" \/>\n<script type=\"application\/ld+json\" class=\"yoast-schema-graph\">{\"@context\":\"https:\\\/\\\/schema.org\",\"@graph\":[{\"@type\":\"WebPage\",\"@id\":\"https:\\\/\\\/www.jagstblick.net\\\/web\\\/impressum\\\/\",\"url\":\"https:\\\/\\\/www.jagstblick.net\\\/web\\\/impressum\\\/\",\"name\":\"Impressum - Jagstblick - Ferienwohnung in Hohenlohe - Kloster Sch\u00f6ntal\",\"isPartOf\":{\"@id\":\"https:\\\/\\\/www.jagstblick.net\\\/web\\\/#website\"},\"datePublished\":\"2018-05-25T05:35:07+00:00\",\"dateModified\":\"2018-05-25T05:54:35+00:00\",\"breadcrumb\":{\"@id\":\"https:\\\/\\\/www.jagstblick.net\\\/web\\\/impressum\\\/#breadcrumb\"},\"inLanguage\":\"de\",\"potentialAction\":[{\"@type\":\"ReadAction\",\"target\":[\"https:\\\/\\\/www.jagstblick.net\\\/web\\\/impressum\\\/\"]}]},{\"@type\":\"BreadcrumbList\",\"@id\":\"https:\\\/\\\/www.jagstblick.net\\\/web\\\/impressum\\\/#breadcrumb\",\"itemListElement\":[{\"@type\":\"ListItem\",\"position\":1,\"name\":\"Startseite\",\"item\":\"https:\\\/\\\/www.jagstblick.net\\\/web\\\/\"},{\"@type\":\"ListItem\",\"position\":2,\"name\":\"Impressum\"}]},{\"@type\":\"WebSite\",\"@id\":\"https:\\\/\\\/www.jagstblick.net\\\/web\\\/#website\",\"url\":\"https:\\\/\\\/www.jagstblick.net\\\/web\\\/\",\"name\":\"Jagstblick - Ferienwohnung in Hohenlohe - Kloster Sch\u00f6ntal\",\"description\":\"Ferienwohnung Jagstblick in Kloster Sch\u00f6ntal in Hohenlohe\",\"potentialAction\":[{\"@type\":\"SearchAction\",\"target\":{\"@type\":\"EntryPoint\",\"urlTemplate\":\"https:\\\/\\\/www.jagstblick.net\\\/web\\\/?s={search_term_string}\"},\"query-input\":{\"@type\":\"PropertyValueSpecification\",\"valueRequired\":true,\"valueName\":\"search_term_string\"}}],\"inLanguage\":\"de\"}]}<\/script>\n<!-- \/ Yoast SEO plugin. -->","yoast_head_json":{"title":"Impressum - Jagstblick - Ferienwohnung in Hohenlohe - Kloster Sch\u00f6ntal","robots":{"index":"noindex","follow":"nofollow"},"og_locale":"de_DE","og_type":"article","og_title":"Impressum - Jagstblick - Ferienwohnung in Hohenlohe - Kloster Sch\u00f6ntal","og_description":"Impressum Angaben gem\u00e4\u00df \u00a7 5 TMG: Hans-J\u00f6rg und Angelika Luther Gro\u00dfer Garten 2 74214 Kloster Sch\u00f6ntal Tel.: +49 (7943) 5331690 Kontakt Quelle: https:\/\/www.e-recht24.de Haftungsausschluss (Disclaimer) Haftung f\u00fcr Inhalte Als Diensteanbieter sind wir gem\u00e4\u00df \u00a7 7 Abs.1 TMG f\u00fcr eigene Inhalte &hellip; Weiterlesen &rarr;","og_url":"https:\/\/www.jagstblick.net\/web\/impressum\/","og_site_name":"Jagstblick - Ferienwohnung in Hohenlohe - Kloster Sch\u00f6ntal","article_modified_time":"2018-05-25T05:54:35+00:00","twitter_card":"summary_large_image","twitter_misc":{"Gesch\u00e4tzte Lesezeit":"2\u00a0Minuten"},"schema":{"@context":"https:\/\/schema.org","@graph":[{"@type":"WebPage","@id":"https:\/\/www.jagstblick.net\/web\/impressum\/","url":"https:\/\/www.jagstblick.net\/web\/impressum\/","name":"Impressum - Jagstblick - Ferienwohnung in Hohenlohe - Kloster Sch\u00f6ntal","isPartOf":{"@id":"https:\/\/www.jagstblick.net\/web\/#website"},"datePublished":"2018-05-25T05:35:07+00:00","dateModified":"2018-05-25T05:54:35+00:00","breadcrumb":{"@id":"https:\/\/www.jagstblick.net\/web\/impressum\/#breadcrumb"},"inLanguage":"de","potentialAction":[{"@type":"ReadAction","target":["https:\/\/www.jagstblick.net\/web\/impressum\/"]}]},{"@type":"BreadcrumbList","@id":"https:\/\/www.jagstblick.net\/web\/impressum\/#breadcrumb","itemListElement":[{"@type":"ListItem","position":1,"name":"Startseite","item":"https:\/\/www.jagstblick.net\/web\/"},{"@type":"ListItem","position":2,"name":"Impressum"}]},{"@type":"WebSite","@id":"https:\/\/www.jagstblick.net\/web\/#website","url":"https:\/\/www.jagstblick.net\/web\/","name":"Jagstblick - Ferienwohnung in Hohenlohe - Kloster Sch\u00f6ntal","description":"Ferienwohnung Jagstblick in Kloster Sch\u00f6ntal in Hohenlohe","potentialAction":[{"@type":"SearchAction","target":{"@type":"EntryPoint","urlTemplate":"https:\/\/www.jagstblick.net\/web\/?s={search_term_string}"},"query-input":{"@type":"PropertyValueSpecification","valueRequired":true,"valueName":"search_term_string"}}],"inLanguage":"de"}]}},"jetpack_shortlink":"https:\/\/wp.me\/P9Wt4l-1G","jetpack_sharing_enabled":true,"_links":{"self":[{"href":"https:\/\/www.jagstblick.net\/web\/wp-json\/wp\/v2\/pages\/104","targetHints":{"allow":["GET"]}}],"collection":[{"href":"https:\/\/www.jagstblick.net\/web\/wp-json\/wp\/v2\/pages"}],"about":[{"href":"https:\/\/www.jagstblick.net\/web\/wp-json\/wp\/v2\/types\/page"}],"author":[{"embeddable":true,"href":"https:\/\/www.jagstblick.net\/web\/wp-json\/wp\/v2\/users\/1"}],"replies":[{"embeddable":true,"href":"https:\/\/www.jagstblick.net\/web\/wp-json\/wp\/v2\/comments?post=104"}],"version-history":[{"count":1,"href":"https:\/\/www.jagstblick.net\/web\/wp-json\/wp\/v2\/pages\/104\/revisions"}],"predecessor-version":[{"id":105,"href":"https:\/\/www.jagstblick.net\/web\/wp-json\/wp\/v2\/pages\/104\/revisions\/105"}],"wp:attachment":[{"href":"https:\/\/www.jagstblick.net\/web\/wp-json\/wp\/v2\/media?parent=104"}],"curies":[{"name":"wp","href":"https:\/\/api.w.org\/{rel}","templated":true}]}}