{"id":17,"date":"2010-07-26T09:15:53","date_gmt":"2010-07-26T07:15:53","guid":{"rendered":"http:\/\/www.jagstblick.net\/web\/?page_id=17"},"modified":"2018-12-26T18:28:10","modified_gmt":"2018-12-26T16:28:10","slug":"kontakt","status":"publish","type":"page","link":"https:\/\/www.jagstblick.net\/web\/kontakt\/","title":{"rendered":"Kontakt"},"content":{"rendered":"<blockquote><p>Hans-J\u00f6rg und Angelika Luther<br \/>\nGro\u00dfer Garten 2<br \/>\n74214 Kloster Sch\u00f6ntal<br \/>\nTel.: +49 (7943) 5331690<br \/>\nMobil.: +49 (170) 4921007<\/p><\/blockquote>\n<p>Wenn Sie Interesse an unserer Ferienwohnung haben oder sonstige Fragen haben, stehen wir nat\u00fcrlich gerne zur Verf\u00fcgung. Benutzen Sie daf\u00fcr bitte das folgende Formular:<\/p>\n\n<div class=\"wpcf7 no-js\" id=\"wpcf7-f69-o1\" lang=\"\" dir=\"ltr\" data-wpcf7-id=\"69\">\n<div class=\"screen-reader-response\"><p role=\"status\" aria-live=\"polite\" aria-atomic=\"true\"><\/p> <ul><\/ul><\/div>\n<form action=\"\/web\/wp-json\/wp\/v2\/pages\/17#wpcf7-f69-o1\" method=\"post\" class=\"wpcf7-form init\" aria-label=\"Kontaktformular\" novalidate=\"novalidate\" data-status=\"init\">\n<fieldset class=\"hidden-fields-container\"><input type=\"hidden\" name=\"_wpcf7\" value=\"69\" \/><input type=\"hidden\" name=\"_wpcf7_version\" value=\"6.1.5\" \/><input type=\"hidden\" name=\"_wpcf7_locale\" value=\"\" \/><input type=\"hidden\" name=\"_wpcf7_unit_tag\" value=\"wpcf7-f69-o1\" \/><input type=\"hidden\" name=\"_wpcf7_container_post\" value=\"0\" \/><input type=\"hidden\" name=\"_wpcf7_posted_data_hash\" value=\"\" \/>\n<\/fieldset>\n<FONT SIZE=2>\nIhr Name (Pflichtfeld)\n\t<p><span class=\"wpcf7-form-control-wrap\" data-name=\"your-name\"><input size=\"40\" maxlength=\"400\" class=\"wpcf7-form-control wpcf7-text wpcf7-validates-as-required\" aria-required=\"true\" aria-invalid=\"false\" value=\"\" type=\"text\" name=\"your-name\" \/><\/span><br \/>\nIhre Email (Pflichtfeld) <span class=\"wpcf7-form-control-wrap\" data-name=\"your-email\"><input size=\"40\" maxlength=\"400\" class=\"wpcf7-form-control wpcf7-email wpcf7-validates-as-required wpcf7-text wpcf7-validates-as-email\" aria-required=\"true\" aria-invalid=\"false\" value=\"\" type=\"email\" name=\"your-email\" \/><\/span><br \/>\nBetreff <span class=\"wpcf7-form-control-wrap\" data-name=\"your-subject\"><input size=\"40\" maxlength=\"400\" class=\"wpcf7-form-control wpcf7-text\" aria-invalid=\"false\" value=\"\" type=\"text\" name=\"your-subject\" \/><\/span><br \/>\nIhre Nachricht<br \/>\n<span class=\"wpcf7-form-control-wrap\" data-name=\"your-message\"><textarea cols=\"40\" rows=\"10\" maxlength=\"2000\" class=\"wpcf7-form-control wpcf7-textarea\" aria-invalid=\"false\" name=\"your-message\"><\/textarea><\/span><br \/>\n<input class=\"wpcf7-form-control wpcf7-submit has-spinner\" type=\"submit\" value=\"Senden\" \/>\n\t<\/p>\n<\/font><p style=\"display: none !important;\" class=\"akismet-fields-container\" data-prefix=\"_wpcf7_ak_\"><label>&#916;<textarea name=\"_wpcf7_ak_hp_textarea\" cols=\"45\" rows=\"8\" maxlength=\"100\"><\/textarea><\/label><input type=\"hidden\" id=\"ak_js_1\" name=\"_wpcf7_ak_js\" value=\"53\"\/><script>document.getElementById( \"ak_js_1\" ).setAttribute( \"value\", ( new Date() ).getTime() );<\/script><\/p><div class=\"wpcf7-response-output\" aria-hidden=\"true\"><\/div>\n<\/form>\n<\/div>\n\n","protected":false},"excerpt":{"rendered":"<p>Hans-J\u00f6rg und Angelika Luther Gro\u00dfer Garten 2 74214 Kloster Sch\u00f6ntal Tel.: +49 (7943) 5331690 Mobil.: +49 (170) 4921007 Wenn Sie Interesse an unserer Ferienwohnung haben oder sonstige Fragen haben, stehen wir nat\u00fcrlich gerne zur Verf\u00fcgung. Benutzen Sie daf\u00fcr bitte das &hellip; <a href=\"https:\/\/www.jagstblick.net\/web\/kontakt\/\">Weiterlesen <span class=\"meta-nav\">&rarr;<\/span><\/a><\/p>\n","protected":false},"author":1,"featured_media":0,"parent":0,"menu_order":0,"comment_status":"closed","ping_status":"closed","template":"","meta":{"ngg_post_thumbnail":0,"footnotes":""},"class_list":["post-17","page","type-page","status-publish","hentry"],"yoast_head":"<!-- This site is optimized with the Yoast SEO plugin v27.4 - https:\/\/yoast.com\/product\/yoast-seo-wordpress\/ -->\n<title>Kontakt - Jagstblick - Ferienwohnung in Hohenlohe - Kloster Sch\u00f6ntal<\/title>\n<meta name=\"robots\" content=\"index, follow, max-snippet:-1, max-image-preview:large, max-video-preview:-1\" \/>\n<link rel=\"canonical\" href=\"https:\/\/www.jagstblick.net\/web\/kontakt\/\" \/>\n<meta property=\"og:locale\" content=\"de_DE\" \/>\n<meta property=\"og:type\" content=\"article\" \/>\n<meta property=\"og:title\" content=\"Kontakt - Jagstblick - Ferienwohnung in Hohenlohe - Kloster Sch\u00f6ntal\" \/>\n<meta property=\"og:description\" content=\"Hans-J\u00f6rg und Angelika Luther Gro\u00dfer Garten 2 74214 Kloster Sch\u00f6ntal Tel.: +49 (7943) 5331690 Mobil.: +49 (170) 4921007 Wenn Sie Interesse an unserer Ferienwohnung haben oder sonstige Fragen haben, stehen wir nat\u00fcrlich gerne zur Verf\u00fcgung. Benutzen Sie daf\u00fcr bitte das &hellip; Weiterlesen &rarr;\" \/>\n<meta property=\"og:url\" content=\"https:\/\/www.jagstblick.net\/web\/kontakt\/\" \/>\n<meta property=\"og:site_name\" content=\"Jagstblick - Ferienwohnung in Hohenlohe - Kloster Sch\u00f6ntal\" \/>\n<meta property=\"article:modified_time\" content=\"2018-12-26T16:28:10+00:00\" \/>\n<meta name=\"twitter:card\" content=\"summary_large_image\" \/>\n<script type=\"application\/ld+json\" class=\"yoast-schema-graph\">{\"@context\":\"https:\\\/\\\/schema.org\",\"@graph\":[{\"@type\":\"WebPage\",\"@id\":\"https:\\\/\\\/www.jagstblick.net\\\/web\\\/kontakt\\\/\",\"url\":\"https:\\\/\\\/www.jagstblick.net\\\/web\\\/kontakt\\\/\",\"name\":\"Kontakt - Jagstblick - Ferienwohnung in Hohenlohe - Kloster Sch\u00f6ntal\",\"isPartOf\":{\"@id\":\"https:\\\/\\\/www.jagstblick.net\\\/web\\\/#website\"},\"datePublished\":\"2010-07-26T07:15:53+00:00\",\"dateModified\":\"2018-12-26T16:28:10+00:00\",\"breadcrumb\":{\"@id\":\"https:\\\/\\\/www.jagstblick.net\\\/web\\\/kontakt\\\/#breadcrumb\"},\"inLanguage\":\"de\",\"potentialAction\":[{\"@type\":\"ReadAction\",\"target\":[\"https:\\\/\\\/www.jagstblick.net\\\/web\\\/kontakt\\\/\"]}]},{\"@type\":\"BreadcrumbList\",\"@id\":\"https:\\\/\\\/www.jagstblick.net\\\/web\\\/kontakt\\\/#breadcrumb\",\"itemListElement\":[{\"@type\":\"ListItem\",\"position\":1,\"name\":\"Startseite\",\"item\":\"https:\\\/\\\/www.jagstblick.net\\\/web\\\/\"},{\"@type\":\"ListItem\",\"position\":2,\"name\":\"Kontakt\"}]},{\"@type\":\"WebSite\",\"@id\":\"https:\\\/\\\/www.jagstblick.net\\\/web\\\/#website\",\"url\":\"https:\\\/\\\/www.jagstblick.net\\\/web\\\/\",\"name\":\"Jagstblick - Ferienwohnung in Hohenlohe - Kloster Sch\u00f6ntal\",\"description\":\"Ferienwohnung Jagstblick in Kloster Sch\u00f6ntal in Hohenlohe\",\"potentialAction\":[{\"@type\":\"SearchAction\",\"target\":{\"@type\":\"EntryPoint\",\"urlTemplate\":\"https:\\\/\\\/www.jagstblick.net\\\/web\\\/?s={search_term_string}\"},\"query-input\":{\"@type\":\"PropertyValueSpecification\",\"valueRequired\":true,\"valueName\":\"search_term_string\"}}],\"inLanguage\":\"de\"}]}<\/script>\n<!-- \/ Yoast SEO plugin. -->","yoast_head_json":{"title":"Kontakt - Jagstblick - Ferienwohnung in Hohenlohe - Kloster Sch\u00f6ntal","robots":{"index":"index","follow":"follow","max-snippet":"max-snippet:-1","max-image-preview":"max-image-preview:large","max-video-preview":"max-video-preview:-1"},"canonical":"https:\/\/www.jagstblick.net\/web\/kontakt\/","og_locale":"de_DE","og_type":"article","og_title":"Kontakt - Jagstblick - Ferienwohnung in Hohenlohe - Kloster Sch\u00f6ntal","og_description":"Hans-J\u00f6rg und Angelika Luther Gro\u00dfer Garten 2 74214 Kloster Sch\u00f6ntal Tel.: +49 (7943) 5331690 Mobil.: +49 (170) 4921007 Wenn Sie Interesse an unserer Ferienwohnung haben oder sonstige Fragen haben, stehen wir nat\u00fcrlich gerne zur Verf\u00fcgung. Benutzen Sie daf\u00fcr bitte das &hellip; Weiterlesen &rarr;","og_url":"https:\/\/www.jagstblick.net\/web\/kontakt\/","og_site_name":"Jagstblick - Ferienwohnung in Hohenlohe - Kloster Sch\u00f6ntal","article_modified_time":"2018-12-26T16:28:10+00:00","twitter_card":"summary_large_image","schema":{"@context":"https:\/\/schema.org","@graph":[{"@type":"WebPage","@id":"https:\/\/www.jagstblick.net\/web\/kontakt\/","url":"https:\/\/www.jagstblick.net\/web\/kontakt\/","name":"Kontakt - Jagstblick - Ferienwohnung in Hohenlohe - Kloster Sch\u00f6ntal","isPartOf":{"@id":"https:\/\/www.jagstblick.net\/web\/#website"},"datePublished":"2010-07-26T07:15:53+00:00","dateModified":"2018-12-26T16:28:10+00:00","breadcrumb":{"@id":"https:\/\/www.jagstblick.net\/web\/kontakt\/#breadcrumb"},"inLanguage":"de","potentialAction":[{"@type":"ReadAction","target":["https:\/\/www.jagstblick.net\/web\/kontakt\/"]}]},{"@type":"BreadcrumbList","@id":"https:\/\/www.jagstblick.net\/web\/kontakt\/#breadcrumb","itemListElement":[{"@type":"ListItem","position":1,"name":"Startseite","item":"https:\/\/www.jagstblick.net\/web\/"},{"@type":"ListItem","position":2,"name":"Kontakt"}]},{"@type":"WebSite","@id":"https:\/\/www.jagstblick.net\/web\/#website","url":"https:\/\/www.jagstblick.net\/web\/","name":"Jagstblick - Ferienwohnung in Hohenlohe - Kloster Sch\u00f6ntal","description":"Ferienwohnung Jagstblick in Kloster Sch\u00f6ntal in Hohenlohe","potentialAction":[{"@type":"SearchAction","target":{"@type":"EntryPoint","urlTemplate":"https:\/\/www.jagstblick.net\/web\/?s={search_term_string}"},"query-input":{"@type":"PropertyValueSpecification","valueRequired":true,"valueName":"search_term_string"}}],"inLanguage":"de"}]}},"jetpack_shortlink":"https:\/\/wp.me\/P9Wt4l-h","jetpack_sharing_enabled":true,"_links":{"self":[{"href":"https:\/\/www.jagstblick.net\/web\/wp-json\/wp\/v2\/pages\/17","targetHints":{"allow":["GET"]}}],"collection":[{"href":"https:\/\/www.jagstblick.net\/web\/wp-json\/wp\/v2\/pages"}],"about":[{"href":"https:\/\/www.jagstblick.net\/web\/wp-json\/wp\/v2\/types\/page"}],"author":[{"embeddable":true,"href":"https:\/\/www.jagstblick.net\/web\/wp-json\/wp\/v2\/users\/1"}],"replies":[{"embeddable":true,"href":"https:\/\/www.jagstblick.net\/web\/wp-json\/wp\/v2\/comments?post=17"}],"version-history":[{"count":12,"href":"https:\/\/www.jagstblick.net\/web\/wp-json\/wp\/v2\/pages\/17\/revisions"}],"predecessor-version":[{"id":119,"href":"https:\/\/www.jagstblick.net\/web\/wp-json\/wp\/v2\/pages\/17\/revisions\/119"}],"wp:attachment":[{"href":"https:\/\/www.jagstblick.net\/web\/wp-json\/wp\/v2\/media?parent=17"}],"curies":[{"name":"wp","href":"https:\/\/api.w.org\/{rel}","templated":true}]}}