{"id":45,"date":"2010-07-29T19:08:23","date_gmt":"2010-07-29T17:08:23","guid":{"rendered":"http:\/\/www.jagstblick.net\/web\/?page_id=45"},"modified":"2016-03-14T15:46:52","modified_gmt":"2016-03-14T13:46:52","slug":"anfahrt","status":"publish","type":"page","link":"https:\/\/www.jagstblick.net\/web\/anfahrt\/","title":{"rendered":"Anfahrt"},"content":{"rendered":"<p><strong>Anreise mit dem Auto<\/strong><br \/>\nA81, W\u00fcrzburg &#8211; Heilbronn, Ausfahrt 7 M\u00f6ckm\u00fchl, nach Widdern, rechts. Jagst aufw\u00e4rts Richtung Jagsthausen nach Kloster Sch\u00f6ntal.<br \/>\nLetzter Weg vor dem Ortsausang nach Bieringen links, dann nach dem 1. Haus rechts.<\/p>\n<p>Anfahrtsskizze nach Sch\u00f6ntal<br \/>\n<iframe loading=\"lazy\" style=\"border: 0;\" src=\"https:\/\/www.google.com\/maps\/embed?pb=!1m18!1m12!1m3!1d2600.0606474722863!2d9.50434871636083!3d49.33207057933655!2m3!1f0!2f0!3f0!3m2!1i1024!2i768!4f13.1!3m3!1m2!1s0x479815b0f3fce5c3%3A0xa6a766a3322e5a34!2sJagstblick!5e0!3m2!1sde!2sde!4v1457963049613\" width=\"600\" height=\"450\" frameborder=\"0\" allowfullscreen=\"allowfullscreen\"><\/iframe><br \/>\n<small><a style=\"color: #0000ff; text-align: left;\" href=\"https:\/\/www.google.de\/maps\/place\/Jagstblick\/@49.3320706,9.5043487,17z\/data=!4m7!1m4!3m3!1s0x479815b0f3fce5c3:0xa6a766a3322e5a34!2sJagstblick!3b1!3m1!1s0x479815b0f3fce5c3:0xa6a766a3322e5a34\" target=\"_blank\">Gr\u00f6\u00dfere Kartenansicht<\/a><\/small><\/p>\n<p><strong>Anreise mit Bus und Bahn<br \/>\n<\/strong>Mit der Bahn bis Bahnhof M\u00f6ckm\u00fchl, ab M\u00f6ckm\u00fchl mit dem Linienbus Richtung D\u00f6rzbach nach Kloster Sch\u00f6ntal.<strong><br \/>\n<\/strong><\/p>\n","protected":false},"excerpt":{"rendered":"<p>Anreise mit dem Auto A81, W\u00fcrzburg &#8211; Heilbronn, Ausfahrt 7 M\u00f6ckm\u00fchl, nach Widdern, rechts. Jagst aufw\u00e4rts Richtung Jagsthausen nach Kloster Sch\u00f6ntal. Letzter Weg vor dem Ortsausang nach Bieringen links, dann nach dem 1. Haus rechts. Anfahrtsskizze nach Sch\u00f6ntal Gr\u00f6\u00dfere Kartenansicht &hellip; <a href=\"https:\/\/www.jagstblick.net\/web\/anfahrt\/\">Weiterlesen <span class=\"meta-nav\">&rarr;<\/span><\/a><\/p>\n","protected":false},"author":1,"featured_media":0,"parent":0,"menu_order":0,"comment_status":"closed","ping_status":"closed","template":"","meta":{"ngg_post_thumbnail":0,"footnotes":""},"class_list":["post-45","page","type-page","status-publish","hentry"],"yoast_head":"<!-- This site is optimized with the Yoast SEO plugin v27.4 - https:\/\/yoast.com\/product\/yoast-seo-wordpress\/ -->\n<title>Anfahrt - Jagstblick - Ferienwohnung in Hohenlohe - Kloster Sch\u00f6ntal<\/title>\n<meta name=\"robots\" content=\"index, follow, max-snippet:-1, max-image-preview:large, max-video-preview:-1\" \/>\n<link rel=\"canonical\" href=\"https:\/\/www.jagstblick.net\/web\/anfahrt\/\" \/>\n<meta property=\"og:locale\" content=\"de_DE\" \/>\n<meta property=\"og:type\" content=\"article\" \/>\n<meta property=\"og:title\" content=\"Anfahrt - Jagstblick - Ferienwohnung in Hohenlohe - Kloster Sch\u00f6ntal\" \/>\n<meta property=\"og:description\" content=\"Anreise mit dem Auto A81, W\u00fcrzburg &#8211; Heilbronn, Ausfahrt 7 M\u00f6ckm\u00fchl, nach Widdern, rechts. Jagst aufw\u00e4rts Richtung Jagsthausen nach Kloster Sch\u00f6ntal. Letzter Weg vor dem Ortsausang nach Bieringen links, dann nach dem 1. Haus rechts. Anfahrtsskizze nach Sch\u00f6ntal Gr\u00f6\u00dfere Kartenansicht &hellip; Weiterlesen &rarr;\" \/>\n<meta property=\"og:url\" content=\"https:\/\/www.jagstblick.net\/web\/anfahrt\/\" \/>\n<meta property=\"og:site_name\" content=\"Jagstblick - Ferienwohnung in Hohenlohe - Kloster Sch\u00f6ntal\" \/>\n<meta property=\"article:modified_time\" content=\"2016-03-14T13:46:52+00:00\" \/>\n<meta name=\"twitter:card\" content=\"summary_large_image\" \/>\n<script type=\"application\/ld+json\" class=\"yoast-schema-graph\">{\"@context\":\"https:\\\/\\\/schema.org\",\"@graph\":[{\"@type\":\"WebPage\",\"@id\":\"https:\\\/\\\/www.jagstblick.net\\\/web\\\/anfahrt\\\/\",\"url\":\"https:\\\/\\\/www.jagstblick.net\\\/web\\\/anfahrt\\\/\",\"name\":\"Anfahrt - Jagstblick - Ferienwohnung in Hohenlohe - Kloster Sch\u00f6ntal\",\"isPartOf\":{\"@id\":\"https:\\\/\\\/www.jagstblick.net\\\/web\\\/#website\"},\"datePublished\":\"2010-07-29T17:08:23+00:00\",\"dateModified\":\"2016-03-14T13:46:52+00:00\",\"breadcrumb\":{\"@id\":\"https:\\\/\\\/www.jagstblick.net\\\/web\\\/anfahrt\\\/#breadcrumb\"},\"inLanguage\":\"de\",\"potentialAction\":[{\"@type\":\"ReadAction\",\"target\":[\"https:\\\/\\\/www.jagstblick.net\\\/web\\\/anfahrt\\\/\"]}]},{\"@type\":\"BreadcrumbList\",\"@id\":\"https:\\\/\\\/www.jagstblick.net\\\/web\\\/anfahrt\\\/#breadcrumb\",\"itemListElement\":[{\"@type\":\"ListItem\",\"position\":1,\"name\":\"Startseite\",\"item\":\"https:\\\/\\\/www.jagstblick.net\\\/web\\\/\"},{\"@type\":\"ListItem\",\"position\":2,\"name\":\"Anfahrt\"}]},{\"@type\":\"WebSite\",\"@id\":\"https:\\\/\\\/www.jagstblick.net\\\/web\\\/#website\",\"url\":\"https:\\\/\\\/www.jagstblick.net\\\/web\\\/\",\"name\":\"Jagstblick - Ferienwohnung in Hohenlohe - Kloster Sch\u00f6ntal\",\"description\":\"Ferienwohnung Jagstblick in Kloster Sch\u00f6ntal in Hohenlohe\",\"potentialAction\":[{\"@type\":\"SearchAction\",\"target\":{\"@type\":\"EntryPoint\",\"urlTemplate\":\"https:\\\/\\\/www.jagstblick.net\\\/web\\\/?s={search_term_string}\"},\"query-input\":{\"@type\":\"PropertyValueSpecification\",\"valueRequired\":true,\"valueName\":\"search_term_string\"}}],\"inLanguage\":\"de\"}]}<\/script>\n<!-- \/ Yoast SEO plugin. -->","yoast_head_json":{"title":"Anfahrt - Jagstblick - Ferienwohnung in Hohenlohe - Kloster Sch\u00f6ntal","robots":{"index":"index","follow":"follow","max-snippet":"max-snippet:-1","max-image-preview":"max-image-preview:large","max-video-preview":"max-video-preview:-1"},"canonical":"https:\/\/www.jagstblick.net\/web\/anfahrt\/","og_locale":"de_DE","og_type":"article","og_title":"Anfahrt - Jagstblick - Ferienwohnung in Hohenlohe - Kloster Sch\u00f6ntal","og_description":"Anreise mit dem Auto A81, W\u00fcrzburg &#8211; Heilbronn, Ausfahrt 7 M\u00f6ckm\u00fchl, nach Widdern, rechts. Jagst aufw\u00e4rts Richtung Jagsthausen nach Kloster Sch\u00f6ntal. Letzter Weg vor dem Ortsausang nach Bieringen links, dann nach dem 1. Haus rechts. Anfahrtsskizze nach Sch\u00f6ntal Gr\u00f6\u00dfere Kartenansicht &hellip; Weiterlesen &rarr;","og_url":"https:\/\/www.jagstblick.net\/web\/anfahrt\/","og_site_name":"Jagstblick - Ferienwohnung in Hohenlohe - Kloster Sch\u00f6ntal","article_modified_time":"2016-03-14T13:46:52+00:00","twitter_card":"summary_large_image","schema":{"@context":"https:\/\/schema.org","@graph":[{"@type":"WebPage","@id":"https:\/\/www.jagstblick.net\/web\/anfahrt\/","url":"https:\/\/www.jagstblick.net\/web\/anfahrt\/","name":"Anfahrt - Jagstblick - Ferienwohnung in Hohenlohe - Kloster Sch\u00f6ntal","isPartOf":{"@id":"https:\/\/www.jagstblick.net\/web\/#website"},"datePublished":"2010-07-29T17:08:23+00:00","dateModified":"2016-03-14T13:46:52+00:00","breadcrumb":{"@id":"https:\/\/www.jagstblick.net\/web\/anfahrt\/#breadcrumb"},"inLanguage":"de","potentialAction":[{"@type":"ReadAction","target":["https:\/\/www.jagstblick.net\/web\/anfahrt\/"]}]},{"@type":"BreadcrumbList","@id":"https:\/\/www.jagstblick.net\/web\/anfahrt\/#breadcrumb","itemListElement":[{"@type":"ListItem","position":1,"name":"Startseite","item":"https:\/\/www.jagstblick.net\/web\/"},{"@type":"ListItem","position":2,"name":"Anfahrt"}]},{"@type":"WebSite","@id":"https:\/\/www.jagstblick.net\/web\/#website","url":"https:\/\/www.jagstblick.net\/web\/","name":"Jagstblick - Ferienwohnung in Hohenlohe - Kloster Sch\u00f6ntal","description":"Ferienwohnung Jagstblick in Kloster Sch\u00f6ntal in Hohenlohe","potentialAction":[{"@type":"SearchAction","target":{"@type":"EntryPoint","urlTemplate":"https:\/\/www.jagstblick.net\/web\/?s={search_term_string}"},"query-input":{"@type":"PropertyValueSpecification","valueRequired":true,"valueName":"search_term_string"}}],"inLanguage":"de"}]}},"jetpack_shortlink":"https:\/\/wp.me\/P9Wt4l-J","jetpack_sharing_enabled":true,"_links":{"self":[{"href":"https:\/\/www.jagstblick.net\/web\/wp-json\/wp\/v2\/pages\/45","targetHints":{"allow":["GET"]}}],"collection":[{"href":"https:\/\/www.jagstblick.net\/web\/wp-json\/wp\/v2\/pages"}],"about":[{"href":"https:\/\/www.jagstblick.net\/web\/wp-json\/wp\/v2\/types\/page"}],"author":[{"embeddable":true,"href":"https:\/\/www.jagstblick.net\/web\/wp-json\/wp\/v2\/users\/1"}],"replies":[{"embeddable":true,"href":"https:\/\/www.jagstblick.net\/web\/wp-json\/wp\/v2\/comments?post=45"}],"version-history":[{"count":10,"href":"https:\/\/www.jagstblick.net\/web\/wp-json\/wp\/v2\/pages\/45\/revisions"}],"predecessor-version":[{"id":61,"href":"https:\/\/www.jagstblick.net\/web\/wp-json\/wp\/v2\/pages\/45\/revisions\/61"}],"wp:attachment":[{"href":"https:\/\/www.jagstblick.net\/web\/wp-json\/wp\/v2\/media?parent=45"}],"curies":[{"name":"wp","href":"https:\/\/api.w.org\/{rel}","templated":true}]}}