{"id":5,"date":"2010-07-24T19:31:24","date_gmt":"2010-07-24T17:31:24","guid":{"rendered":"http:\/\/www.jagstblick.net\/web\/?page_id=5"},"modified":"2011-11-02T18:59:41","modified_gmt":"2011-11-02T16:59:41","slug":"startseite","status":"publish","type":"page","link":"https:\/\/www.jagstblick.net\/web\/","title":{"rendered":"Willkommen"},"content":{"rendered":"<p>Herzlich Willkommen im romantischen Jagsttal.<\/p>\n<p>Bei uns in der Ferienwohnung Jagstblick k\u00f6nnen Sie sich entspannen, die Natur genie\u00dfen oder auch Kulturelles erleben.<\/p>\n<p>Auf den n\u00e4chsten Seiten erfahren Sie mehr \u00fcber die Ferienwohnung.<\/p>\n","protected":false},"excerpt":{"rendered":"<p>Herzlich Willkommen im romantischen Jagsttal. Bei uns in der Ferienwohnung Jagstblick k\u00f6nnen Sie sich entspannen, die Natur genie\u00dfen oder auch Kulturelles erleben. Auf den n\u00e4chsten Seiten erfahren Sie mehr \u00fcber die Ferienwohnung.<\/p>\n","protected":false},"author":1,"featured_media":0,"parent":0,"menu_order":0,"comment_status":"closed","ping_status":"closed","template":"","meta":{"ngg_post_thumbnail":0,"footnotes":""},"class_list":["post-5","page","type-page","status-publish","hentry"],"yoast_head":"<!-- This site is optimized with the Yoast SEO plugin v27.5 - https:\/\/yoast.com\/product\/yoast-seo-wordpress\/ -->\n<title>Willkommen - Jagstblick - Ferienwohnung in Hohenlohe - Kloster Sch\u00f6ntal<\/title>\n<meta name=\"robots\" content=\"index, follow, max-snippet:-1, max-image-preview:large, max-video-preview:-1\" \/>\n<link rel=\"canonical\" href=\"https:\/\/www.jagstblick.net\/web\/\" \/>\n<meta property=\"og:locale\" content=\"de_DE\" \/>\n<meta property=\"og:type\" content=\"article\" \/>\n<meta property=\"og:title\" content=\"Willkommen - Jagstblick - Ferienwohnung in Hohenlohe - Kloster Sch\u00f6ntal\" \/>\n<meta property=\"og:description\" content=\"Herzlich Willkommen im romantischen Jagsttal. Bei uns in der Ferienwohnung Jagstblick k\u00f6nnen Sie sich entspannen, die Natur genie\u00dfen oder auch Kulturelles erleben. Auf den n\u00e4chsten Seiten erfahren Sie mehr \u00fcber die Ferienwohnung.\" \/>\n<meta property=\"og:url\" content=\"https:\/\/www.jagstblick.net\/web\/\" \/>\n<meta property=\"og:site_name\" content=\"Jagstblick - Ferienwohnung in Hohenlohe - Kloster Sch\u00f6ntal\" \/>\n<meta property=\"article:modified_time\" content=\"2011-11-02T16:59:41+00:00\" \/>\n<meta name=\"twitter:card\" content=\"summary_large_image\" \/>\n<script type=\"application\/ld+json\" class=\"yoast-schema-graph\">{\"@context\":\"https:\\\/\\\/schema.org\",\"@graph\":[{\"@type\":\"WebPage\",\"@id\":\"https:\\\/\\\/www.jagstblick.net\\\/web\\\/\",\"url\":\"https:\\\/\\\/www.jagstblick.net\\\/web\\\/\",\"name\":\"Willkommen - Jagstblick - Ferienwohnung in Hohenlohe - Kloster Sch\u00f6ntal\",\"isPartOf\":{\"@id\":\"https:\\\/\\\/www.jagstblick.net\\\/web\\\/#website\"},\"datePublished\":\"2010-07-24T17:31:24+00:00\",\"dateModified\":\"2011-11-02T16:59:41+00:00\",\"breadcrumb\":{\"@id\":\"https:\\\/\\\/www.jagstblick.net\\\/web\\\/#breadcrumb\"},\"inLanguage\":\"de\",\"potentialAction\":[{\"@type\":\"ReadAction\",\"target\":[\"https:\\\/\\\/www.jagstblick.net\\\/web\\\/\"]}]},{\"@type\":\"BreadcrumbList\",\"@id\":\"https:\\\/\\\/www.jagstblick.net\\\/web\\\/#breadcrumb\",\"itemListElement\":[{\"@type\":\"ListItem\",\"position\":1,\"name\":\"Startseite\",\"item\":\"https:\\\/\\\/www.jagstblick.net\\\/web\\\/\"},{\"@type\":\"ListItem\",\"position\":2,\"name\":\"Willkommen\"}]},{\"@type\":\"WebSite\",\"@id\":\"https:\\\/\\\/www.jagstblick.net\\\/web\\\/#website\",\"url\":\"https:\\\/\\\/www.jagstblick.net\\\/web\\\/\",\"name\":\"Jagstblick - Ferienwohnung in Hohenlohe - Kloster Sch\u00f6ntal\",\"description\":\"Ferienwohnung Jagstblick in Kloster Sch\u00f6ntal in Hohenlohe\",\"potentialAction\":[{\"@type\":\"SearchAction\",\"target\":{\"@type\":\"EntryPoint\",\"urlTemplate\":\"https:\\\/\\\/www.jagstblick.net\\\/web\\\/?s={search_term_string}\"},\"query-input\":{\"@type\":\"PropertyValueSpecification\",\"valueRequired\":true,\"valueName\":\"search_term_string\"}}],\"inLanguage\":\"de\"}]}<\/script>\n<!-- \/ Yoast SEO plugin. -->","yoast_head_json":{"title":"Willkommen - Jagstblick - Ferienwohnung in Hohenlohe - Kloster Sch\u00f6ntal","robots":{"index":"index","follow":"follow","max-snippet":"max-snippet:-1","max-image-preview":"max-image-preview:large","max-video-preview":"max-video-preview:-1"},"canonical":"https:\/\/www.jagstblick.net\/web\/","og_locale":"de_DE","og_type":"article","og_title":"Willkommen - Jagstblick - Ferienwohnung in Hohenlohe - Kloster Sch\u00f6ntal","og_description":"Herzlich Willkommen im romantischen Jagsttal. Bei uns in der Ferienwohnung Jagstblick k\u00f6nnen Sie sich entspannen, die Natur genie\u00dfen oder auch Kulturelles erleben. Auf den n\u00e4chsten Seiten erfahren Sie mehr \u00fcber die Ferienwohnung.","og_url":"https:\/\/www.jagstblick.net\/web\/","og_site_name":"Jagstblick - Ferienwohnung in Hohenlohe - Kloster Sch\u00f6ntal","article_modified_time":"2011-11-02T16:59:41+00:00","twitter_card":"summary_large_image","schema":{"@context":"https:\/\/schema.org","@graph":[{"@type":"WebPage","@id":"https:\/\/www.jagstblick.net\/web\/","url":"https:\/\/www.jagstblick.net\/web\/","name":"Willkommen - Jagstblick - Ferienwohnung in Hohenlohe - Kloster Sch\u00f6ntal","isPartOf":{"@id":"https:\/\/www.jagstblick.net\/web\/#website"},"datePublished":"2010-07-24T17:31:24+00:00","dateModified":"2011-11-02T16:59:41+00:00","breadcrumb":{"@id":"https:\/\/www.jagstblick.net\/web\/#breadcrumb"},"inLanguage":"de","potentialAction":[{"@type":"ReadAction","target":["https:\/\/www.jagstblick.net\/web\/"]}]},{"@type":"BreadcrumbList","@id":"https:\/\/www.jagstblick.net\/web\/#breadcrumb","itemListElement":[{"@type":"ListItem","position":1,"name":"Startseite","item":"https:\/\/www.jagstblick.net\/web\/"},{"@type":"ListItem","position":2,"name":"Willkommen"}]},{"@type":"WebSite","@id":"https:\/\/www.jagstblick.net\/web\/#website","url":"https:\/\/www.jagstblick.net\/web\/","name":"Jagstblick - Ferienwohnung in Hohenlohe - Kloster Sch\u00f6ntal","description":"Ferienwohnung Jagstblick in Kloster Sch\u00f6ntal in Hohenlohe","potentialAction":[{"@type":"SearchAction","target":{"@type":"EntryPoint","urlTemplate":"https:\/\/www.jagstblick.net\/web\/?s={search_term_string}"},"query-input":{"@type":"PropertyValueSpecification","valueRequired":true,"valueName":"search_term_string"}}],"inLanguage":"de"}]}},"jetpack_shortlink":"https:\/\/wp.me\/P9Wt4l-5","jetpack_sharing_enabled":true,"_links":{"self":[{"href":"https:\/\/www.jagstblick.net\/web\/wp-json\/wp\/v2\/pages\/5","targetHints":{"allow":["GET"]}}],"collection":[{"href":"https:\/\/www.jagstblick.net\/web\/wp-json\/wp\/v2\/pages"}],"about":[{"href":"https:\/\/www.jagstblick.net\/web\/wp-json\/wp\/v2\/types\/page"}],"author":[{"embeddable":true,"href":"https:\/\/www.jagstblick.net\/web\/wp-json\/wp\/v2\/users\/1"}],"replies":[{"embeddable":true,"href":"https:\/\/www.jagstblick.net\/web\/wp-json\/wp\/v2\/comments?post=5"}],"version-history":[{"count":10,"href":"https:\/\/www.jagstblick.net\/web\/wp-json\/wp\/v2\/pages\/5\/revisions"}],"predecessor-version":[{"id":64,"href":"https:\/\/www.jagstblick.net\/web\/wp-json\/wp\/v2\/pages\/5\/revisions\/64"}],"wp:attachment":[{"href":"https:\/\/www.jagstblick.net\/web\/wp-json\/wp\/v2\/media?parent=5"}],"curies":[{"name":"wp","href":"https:\/\/api.w.org\/{rel}","templated":true}]}}